{"id":71,"date":"2016-03-14T17:31:17","date_gmt":"2016-03-14T17:31:17","guid":{"rendered":"http:\/\/zentralrat.sintiundroma.de\/en\/?page_id=71"},"modified":"2018-01-11T14:23:02","modified_gmt":"2018-01-11T14:23:02","slug":"member-organisations","status":"publish","type":"page","link":"https:\/\/zentralrat.sintiundroma.de\/en\/central-council\/member-organisations\/","title":{"rendered":"Member organisations"},"content":{"rendered":"<h3>State associations<\/h3>\n<table style=\"width: 688px\">\n<tbody>\n<tr>\n<td style=\"width: 348.85px\"><strong>Verband Deutscher Sinti und Roma<\/strong><br \/>\n<strong> Landesverband Bayern e.V.<\/strong><br \/>\nNordring 98a<br \/>\n90409 N\u00fcrnberg<\/td>\n<td style=\"width: 322.15px\">Tel.: 0911-9928793<br \/>\nFax.: 0911-9928798<br \/>\neMail: <a href=\"mailto:sinti.bayern@nefkom.net\">sinti.bayern@nefkom.net<\/a><br \/>\nInternet: <a href=\"http:\/\/www.sinti-roma-bayern.de\" target=\"_blank\" rel=\"noopener\">www.sinti-roma-bayern.de<\/a><\/td>\n<\/tr>\n<tr style=\"height: 12px\">\n<td style=\"width: 348.85px\">&nbsp;<\/td>\n<td style=\"width: 322.15px\">&nbsp;<\/td>\n<\/tr>\n<tr>\n<td style=\"width: 348.85px\"><strong>Verband Deutscher Sinti und Roma<\/strong><br \/>\n<strong> Landesverband Baden-W\u00fcrttemberg e.V.<\/strong><br \/>\nB7, 16<br \/>\n68159 Mannheim<\/td>\n<td style=\"width: 322.15px\">Tel.: 0621 &#8211; 91109100<br \/>\nFax.: 0621 &#8211; 91109115<br \/>\neMail: <a href=\"mailto:info@sinti-roma-lvbw.de\">info@sinti-roma.com<\/a><br \/>\nInternet: <a href=\"http:\/\/www.sinti-roma-bawue.de\" target=\"_blank\" rel=\"noopener\">www.sinti-roma-bawue.de<\/a><\/td>\n<\/tr>\n<tr style=\"height: 12px\">\n<td style=\"width: 348.85px\">&nbsp;<\/td>\n<td style=\"width: 322.15px\">&nbsp;<\/td>\n<\/tr>\n<tr>\n<td style=\"width: 348.85px\"><strong>Verband Deutscher Sinti und Roma<\/strong><br \/>\n<strong> Landesverband Rheinland-Pfalz e.V.<\/strong><br \/>\nSchlo\u00dfstr. 4<br \/>\n76829 Landau<\/td>\n<td style=\"width: 322.15px\">Tel.: 06341-85053<br \/>\nFax.: 06341-85490<br \/>\neMail: <a href=\"mailto:info@vdsr-rlp.de\">info@vdsr-rlp.de<\/a><br \/>\nInternet: <a href=\"http:\/\/www.vdsr-rlp.de\" target=\"_blank\" rel=\"noopener\">www.vdsr-rlp.de<\/a><\/td>\n<\/tr>\n<tr style=\"height: 12px\">\n<td style=\"width: 348.85px\">&nbsp;<\/td>\n<td style=\"width: 322.15px\">&nbsp;<\/td>\n<\/tr>\n<tr>\n<td style=\"width: 348.85px\"><strong>Verband Deutscher Sinti und Roma<\/strong><br \/>\n<strong> Landesverband Hessen e.V.<\/strong><br \/>\nAnnastra\u00dfe 44<br \/>\n64285 Darmstadt<\/td>\n<td style=\"width: 322.15px\">Tel.: 06151-377740<br \/>\nFax.: 06151-377750<br \/>\neMail: <a href=\"mailto:verband@sinti-roma-hessen.de\">verband@sinti-roma-hessen.de<\/a><br \/>\nInternet: <a href=\"http:\/\/www.sinti-roma-hessen.de\" target=\"_blank\" rel=\"noopener\">www.sinti-roma-hessen.de<\/a><\/td>\n<\/tr>\n<tr style=\"height: 12px\">\n<td style=\"width: 348.85px\">&nbsp;<\/td>\n<td style=\"width: 322.15px\">&nbsp;<\/td>\n<\/tr>\n<tr>\n<td style=\"width: 348.85px\"><strong>Verband Deutscher Sinti und Roma<\/strong><br \/>\n<strong> Landesverband Nordrhein-Westfalen e.V.<\/strong><br \/>\nK\u00f6lner Str. 21<br \/>\n40211 D\u00fcsseldorf<\/td>\n<td style=\"width: 322.15px\">Tel.: 0211-161721<br \/>\nFax.: 0211-1649400<br \/>\neMail: <a href=\"mailto:info@sintiundroma-nrw.de\">info@sintiundroma-nrw.de<\/a><br \/>\nInternet: <a href=\"http:\/\/www.sintiundroma-nrw.de\" target=\"_blank\" rel=\"noopener\">www.sintiundroma-nrw.de<\/a><\/td>\n<\/tr>\n<tr style=\"height: 12px\">\n<td style=\"width: 348.85px\">&nbsp;<\/td>\n<td style=\"width: 322.15px\">&nbsp;<\/td>\n<\/tr>\n<tr>\n<td style=\"width: 348.85px\"><strong>Bremerhavener Sinti-Verein e.V.<br \/>\n<\/strong><strong>Landesverband Deutscher Sinti und<br \/>\nRoma Bremen&nbsp;<\/strong><br \/>\nAuf den S\u00fclten 18<br \/>\n27576 Bremerhaven<\/td>\n<td style=\"width: 322.15px\">Tel.: 0471-503 208<br \/>\nFax.: 0471- 92 65 166<br \/>\neMail: <a href=\"mailto:sinti-verein@bremerhaven.de\">sinti-verein@bremerhaven.de<\/a><br \/>\nInternet: <a href=\"http:\/\/www.bremerhavener-sinti-verein.de\" target=\"_blank\" rel=\"noopener\">www.bremerhavener-sinti-verein.de<\/a><\/td>\n<\/tr>\n<tr style=\"height: 12px\">\n<td style=\"width: 348.85px\">&nbsp;<\/td>\n<td style=\"width: 322.15px\">&nbsp;<\/td>\n<\/tr>\n<tr>\n<td style=\"width: 348.85px\"><strong>Bremer Sinti-Verein e.V.<\/strong><br \/>\nThedinghauser Str. 105<br \/>\n28195 Bremen<\/td>\n<td style=\"width: 322.15px\">Tel.: 0421-541014<br \/>\nFax.: 0421-541015<br \/>\neMail: <a href=\"mailto:sintiverein@aol.com\">sintiverein@aol.com<\/a><\/td>\n<\/tr>\n<tr style=\"height: 12px\">\n<td style=\"width: 348.85px\">&nbsp;<\/td>\n<td style=\"width: 322.15px\">&nbsp;<\/td>\n<\/tr>\n<tr>\n<td style=\"width: 348.85px\"><strong>Verband Deutscher Sinti und Roma e. V.<\/strong><br \/>\n<strong>Landesverband Schleswig-Holstein<\/strong><br \/>\nDorfstra\u00dfe 11<br \/>\n24146 Kiel<\/td>\n<td style=\"width: 322.15px\">Tel: 0431 12209-22<br \/>\nFax: 0431 12209-24<br \/>\neMail: <a href=\"mailto:lv@sinti-roma-sh.de\">lv@sinti-roma-sh.de<\/a><br \/>\nInternet:&nbsp;<a href=\"http:\/\/www.sinti-roma-sh.de\">www.sinti-roma-sh.de<\/a><\/td>\n<\/tr>\n<tr style=\"height: 12px\">\n<td style=\"width: 348.85px\">&nbsp;<\/td>\n<td style=\"width: 322.15px\">&nbsp;<\/td>\n<\/tr>\n<tr>\n<td style=\"width: 348.85px\"><strong>Landesverband Deutscher Sinti und Roma<\/strong><br \/>\n<strong> Berlin-Brandenburg e.V.<\/strong><br \/>\nPostfach 12 09 24<br \/>\n10599 Berlin<\/td>\n<td style=\"width: 322.15px\">Tel.: 030-43551170<br \/>\nFax : 030-43551172<br \/>\neMail: <a href=\"mailto:info@sinti-roma-berlin.de\">info@sinti-roma-berlin.de<\/a><br \/>\nInternet: <a href=\"http:\/\/www.sinti-roma-berlin.de\" target=\"_blank\" rel=\"noopener\">www.sinti-roma-berlin.de<\/a><\/td>\n<\/tr>\n<tr style=\"height: 12px\">\n<td style=\"width: 348.85px\">&nbsp;<\/td>\n<td style=\"width: 322.15px\">&nbsp;<\/td>\n<\/tr>\n<tr>\n<td style=\"width: 348.85px\"><strong>Verband Deutscher Sinti und Roma<\/strong><br \/>\n<strong> Landesverband Saarland e.V.<\/strong><br \/>\nPostfach 101804<br \/>\n660118 Saarbr\u00fccken<\/td>\n<td style=\"width: 322.15px\">eMail: <a href=\"lvb.sinti-roma.saarland@web.de\">lvb.sinti-roma.saarland@web.de<\/a><\/td>\n<\/tr>\n<tr style=\"height: 12px\">\n<td style=\"width: 348.85px\">&nbsp;<\/td>\n<td style=\"width: 322.15px\">&nbsp;<\/td>\n<\/tr>\n<tr>\n<td style=\"width: 348.85px\"><strong>Landesverein der Sinti in Hamburg e.V.<\/strong><br \/>\nRotenh\u00e4user Stra\u00dfe 8<br \/>\n21109 Hamburg<\/td>\n<td style=\"width: 322.15px\">Tel.: 040 &#8211; 57 131 484<br \/>\nFax.: 040 &#8211; 57 131 483<br \/>\neMail: <a href=\"mailto:r.weiss@landesverein-hamburg.de\">r.weiss@landesverein-hamburg.de<\/a><br \/>\nInternet: <a href=\"http:\/\/www.landesverein-hamburg.de\" target=\"_blank\" rel=\"noopener\">www.landesverein-hamburg.de<\/a><\/td>\n<\/tr>\n<\/tbody>\n<\/table>\n<h3>Further member organisations<\/h3>\n<table style=\"width: 754.95px\">\n<tbody>\n<tr>\n<td style=\"width: 378px\"><strong>Dokumentations- und Kulturzentrum<br \/>\nDeutscher Sinti und Roma e.V.<br \/>\n<\/strong>Bremeneckgasse 2<strong><br \/>\n<\/strong>69117 Heidelberg<\/td>\n<td style=\"width: 358.95px\">Tel.: 06221-981102<br \/>\nFax.: 06221-981177<br \/>\neMail: <a href=\"mailto:info@sintiundroma.de\">info@sintiundroma.de<\/a><br \/>\nInternet: <a href=\"http:\/\/www.sintiundroma.de\">http:\/\/www.sintiundroma.de<\/a><\/td>\n<\/tr>\n<tr style=\"height: 12px\">\n<td style=\"width: 378px\">&nbsp;<\/td>\n<td style=\"width: 358.95px\">&nbsp;<\/td>\n<\/tr>\n<tr>\n<td style=\"width: 378px\"><strong>Verband Deutscher Sinti und Roma &#8211;<br \/>\nRegionalverband Augsburg<br \/>\n<\/strong>Weiherweg 4<strong><br \/>\n<\/strong>86368 Gersthofen<\/td>\n<td style=\"width: 358.95px\">Tel.: 0049-175-1588306<strong><br \/>\n<\/strong>email: <a href=\"mailto:marcella-reinhardt@hotmail.de\">marcella-reinhardt@hotmail.de<\/a><strong><br \/>\n<\/strong>Internet: <a href=\"https:\/\/marcella-reinhardt.de\/\">https:\/\/marcella-reinhardt.de\/<\/a><strong><br \/>\n<\/strong><\/td>\n<\/tr>\n<tr style=\"height: 12px\">\n<td style=\"width: 378px\">&nbsp;<\/td>\n<td style=\"width: 358.95px\">&nbsp;<\/td>\n<\/tr>\n<tr>\n<td style=\"width: 378px\"><strong>Arbeitskreis der Sinti und Roma<br \/>\nIngolstadt e.V.<br \/>\n<\/strong>Postfach 21 02 01<br \/>\n85017 Ingolstadt<strong><br \/>\n<\/strong><\/td>\n<td style=\"width: 358.95px\">Tel.: 0049-163-6378462<strong><br \/>\n<\/strong>eMail: <a href=\"mailto:i.s.roche@t-online.de\">i.s.roche@t-online.de<\/a><\/td>\n<\/tr>\n<tr style=\"height: 12px\">\n<td style=\"width: 378px\">&nbsp;<\/td>\n<td style=\"width: 358.95px\">&nbsp;<\/td>\n<\/tr>\n<tr>\n<td style=\"width: 378px\"><strong>Verein Deutscher Sinti e.V. Minden<br \/>\n<\/strong>Letelner Heidweg 30a<strong><br \/>\n<\/strong>32424 Minden<\/td>\n<td style=\"width: 358.95px\">Tel.: 0571-3986441<br \/>\neMail: <a href=\"mailto:sintiroma@sintiroma-minden.de\">sintiroma@sintiroma-minden.de<\/a><br \/>\nInternet: <a href=\"http:\/\/www.sintiroma-minden.de\">www.sintiroma-minden.de<\/a><\/td>\n<\/tr>\n<tr style=\"height: 12px\">\n<td style=\"width: 378px\">&nbsp;<\/td>\n<td style=\"width: 358.95px\">&nbsp;<\/td>\n<\/tr>\n<tr>\n<td style=\"width: 378px\"><strong>Verband Deutscher Sinti, Bundesverband e.V.<\/strong><\/td>\n<td style=\"width: 358.95px\">&nbsp;<\/td>\n<\/tr>\n<\/tbody>\n<\/table>\n","protected":false},"excerpt":{"rendered":"<p>Der Zentralrat Deutscher Sinti und Roma wurde im Februar 1982 gegr\u00fcndet und ist der unabh\u00e4ngige Dachverband von 17 Landesverb\u00e4nden. Er ist die b\u00fcrgerrechtliche und politische Interessenvertretung der Deutschen Sinti und Roma mit Sitz in Heidelberg. <\/p>\n","protected":false},"author":1,"featured_media":72,"parent":50,"menu_order":20,"comment_status":"closed","ping_status":"closed","template":"","meta":{"ngg_post_thumbnail":0,"footnotes":""},"class_list":["post-71","page","type-page","status-publish","has-post-thumbnail","hentry"],"_links":{"self":[{"href":"https:\/\/zentralrat.sintiundroma.de\/en\/wp-json\/wp\/v2\/pages\/71","targetHints":{"allow":["GET"]}}],"collection":[{"href":"https:\/\/zentralrat.sintiundroma.de\/en\/wp-json\/wp\/v2\/pages"}],"about":[{"href":"https:\/\/zentralrat.sintiundroma.de\/en\/wp-json\/wp\/v2\/types\/page"}],"author":[{"embeddable":true,"href":"https:\/\/zentralrat.sintiundroma.de\/en\/wp-json\/wp\/v2\/users\/1"}],"replies":[{"embeddable":true,"href":"https:\/\/zentralrat.sintiundroma.de\/en\/wp-json\/wp\/v2\/comments?post=71"}],"version-history":[{"count":4,"href":"https:\/\/zentralrat.sintiundroma.de\/en\/wp-json\/wp\/v2\/pages\/71\/revisions"}],"predecessor-version":[{"id":179,"href":"https:\/\/zentralrat.sintiundroma.de\/en\/wp-json\/wp\/v2\/pages\/71\/revisions\/179"}],"up":[{"embeddable":true,"href":"https:\/\/zentralrat.sintiundroma.de\/en\/wp-json\/wp\/v2\/pages\/50"}],"wp:featuredmedia":[{"embeddable":true,"href":"https:\/\/zentralrat.sintiundroma.de\/en\/wp-json\/wp\/v2\/media\/72"}],"wp:attachment":[{"href":"https:\/\/zentralrat.sintiundroma.de\/en\/wp-json\/wp\/v2\/media?parent=71"}],"curies":[{"name":"wp","href":"https:\/\/api.w.org\/{rel}","templated":true}]}}