{"id":849,"date":"2019-04-15T14:55:46","date_gmt":"2019-04-15T14:55:46","guid":{"rendered":"http:\/\/zentralrat.sintiundroma.de\/en\/?page_id=849"},"modified":"2019-04-15T14:57:14","modified_gmt":"2019-04-15T14:57:14","slug":"newsletter-user-profile","status":"publish","type":"page","link":"https:\/\/zentralrat.sintiundroma.de\/en\/newsletter\/newsletter-user-profile\/","title":{"rendered":"Newsletter User Profile"},"content":{"rendered":"<h1>Newsletter User Profile<\/h1>\n<p>Hier haben Sie die M\u00f6glichkeit, unsere Newsletter zu abonnieren. Die Newsletter werden gemeinsam vom Zentralrat Deutscher Sinti und Roma und dem Dokumentations- und Kulturzentrum Deutscher Sinti und Roma herausgegeben.<\/p>\n<p><strong>Aktuell bieten wir folgende Informationsm\u00f6glichkeiten durch das Newsletter-System an:<\/strong><\/p>\n<ol>\n<li><strong>Allgemeiner Newsletter<\/strong>: Abonnieren Sie einen monatlichen \u00dcberblick mit aktuellen Meldungen, Pressemitteilungen, Stellungnahmen und Publikationen, sowie Veranstaltungsank\u00fcndigungen.<\/li>\n<li><strong>Pressemitteilungen<\/strong>: Abonnieren Sie die Pressemitteilungen, wenn Sie t\u00e4glich\/w\u00f6chentlich \u00fcber aktuelle Entwicklungen informiert sein wollen.<\/li>\n<li><strong>Veranstaltungshinweise f\u00fcr Berlin<\/strong>: Abonnieren Sie diese Veranstaltungshinweise, wenn Sie Ank\u00fcndigungen f\u00fcr Berlin erhalten m\u00f6chten.<\/li>\n<li><strong>Veranstaltungshinweise f\u00fcr Heidelberg<\/strong>: Abonnieren Sie diese Veranstaltungshinweise, wenn Sie Ank\u00fcndigungen f\u00fcr Heidelberg erhalten m\u00f6chten.<\/li>\n<li><strong>Newsletter auf Englisch<\/strong>: Zu bestimmten Anl\u00e4ssen informieren die Herausgeber auf Englisch \u00fcber bestimmte politische Entwicklungen auf europ\u00e4ischer Ebene, bzw. versenden Ank\u00fcndigungen f\u00fcr internationale Veranstaltungen.<\/li>\n<\/ol>\n            <section class=\"widget widget_newsletter2go\">\n                    <div class=\"nl2go-widget\"><script id=\"69e44bfab72ac\">\n    !function (e, t, n, c, r, a, i) {\n        e.Newsletter2GoTrackingObject = r, e[r] = e[r] || function () {\n                (e[r].q = e[r].q || []).push(arguments)\n            }, e[r].l = 1 * new Date, a = t.createElement(n), i = t.getElementsByTagName(n)[0], a.async = 1, a.src = c, i.parentNode.insertBefore(a, i)\n    }(window, document, \"script\", \"https:\/\/static.newsletter2go.com\/utils.js\", \"n2g\");\n    n2g(\"create\", \"\");\n    n2g('subscribe:createForm', {\r\n  \"form\": {\r\n    \"class\": \"\",\r\n    \"style\": \"\"\r\n  },\r\n  \"container\": {\r\n    \"type\": \"div\",\r\n    \"class\": \"\",\r\n    \"style\": \"width: 100%;\"\r\n  },\r\n  \"row\": {\r\n    \"type\": \"div\",\r\n    \"class\": \"\",\r\n    \"style\": \"\"\r\n  },\r\n  \"columnLeft\": {\r\n    \"type\": \"div\",\r\n    \"class\": \"\",\r\n    \"style\": \"width: 40%; padding: 10px 5px; display: inline-block;\"\r\n  },\r\n  \"columnRight\": {\r\n    \"type\": \"div\",\r\n    \"class\": \"\",\r\n    \"style\": \" width: 60%; display: inline-block;\"\r\n  },\r\n  \"checkbox\": {\r\n    \"type\": \"input\",\r\n    \"class\": \"\",\r\n    \"style\": \"\"\r\n  },\r\n  \"separator\": {\r\n    \"type\": \"br\",\r\n    \"class\": \"\",\r\n    \"style\": \"\"\r\n  },\r\n  \"input\": {\r\n    \"class\": \"\",\r\n    \"style\": \"padding: 5px 10px; border-radius: 2px; border: 1px solid #d8dee4;\"\r\n  },\r\n  \"dropdown\": {\r\n    \"type\": \"select\",\r\n    \"class\": \"\",\r\n    \"style\": \"padding: 3px 5px; border-radius: 2px; border: 1px solid #d8dee4;\"\r\n  },\r\n  \"button\": {\r\n    \"type\": \"button\",\r\n    \"class\": \"\",\r\n    \"id\": \"\",\r\n    \"style\": \"background-color:#c6103d; border: none; border-radius: 4px; padding: 10px 20px; color: #ffffff; margin-top: 20px; cursor: pointer;\"\r\n  },\r\n  \"label\": {\r\n    \"type\": \"label\",\r\n    \"class\": \"\",\r\n    \"style\": \"padding-left: 5px; display: inline-block;\"\r\n  },\r\n  \"loader\": {\r\n    \"type\": \"img\",\r\n    \"src\": \"\/\/www.newsletter2go.com\/images\/loader.svg\",\r\n    \"class\": \"\",\r\n    \"style\": \"margin: auto; display:block;\"\r\n  },\r\n  \"message\": {\r\n    \"type\": \"h2\",\r\n    \"class\": \"\",\r\n    \"id\": \"\",\r\n    \"style\": \"text-align: center;\"\r\n  }\r\n},\"69e44bfab72ac\");\n<\/script><\/div>\n            <\/section>\n<p><strong>###Datenschutzhinweis###<\/strong><\/p>\n<p>Selbstverst\u00e4ndlich k\u00f6nnen Sie Ihre Abonnements jederzeit \u00fcber das <a href=\"http:\/\/zentralrat.sintiundroma.de\/en\/newsletter\/newsletter-unsubscribe\/\">Abmeldeformular<\/a> wieder k\u00fcndigen.&nbsp;Ihre Emailadresse wird nach Ma\u00dfgabe der <a href=\"http:\/\/zentralrat.sintiundroma.de\/datenschutz\/\">Datenschutzerkl\u00e4rung<\/a>\/<a href=\"http:\/\/zentralrat.sintiundroma.de\/impressum\/\">Impressum <\/a>verarbeitet und gespeichert. Ihre Daten werden zum alleinigen Zweck der technischen Speicherung und Verwaltung f\u00fcr die Newsletter verwendet.<\/p>\n","protected":false},"excerpt":{"rendered":"<p>Newsletter User Profile Hier haben Sie die M\u00f6glichkeit, unsere Newsletter zu abonnieren. Die Newsletter werden gemeinsam vom Zentralrat Deutscher Sinti und Roma und dem Dokumentations- und Kulturzentrum Deutscher Sinti und<\/p>\n","protected":false},"author":9,"featured_media":0,"parent":512,"menu_order":10,"comment_status":"closed","ping_status":"closed","template":"","meta":{"ngg_post_thumbnail":0,"footnotes":""},"class_list":["post-849","page","type-page","status-publish","hentry"],"_links":{"self":[{"href":"https:\/\/zentralrat.sintiundroma.de\/en\/wp-json\/wp\/v2\/pages\/849","targetHints":{"allow":["GET"]}}],"collection":[{"href":"https:\/\/zentralrat.sintiundroma.de\/en\/wp-json\/wp\/v2\/pages"}],"about":[{"href":"https:\/\/zentralrat.sintiundroma.de\/en\/wp-json\/wp\/v2\/types\/page"}],"author":[{"embeddable":true,"href":"https:\/\/zentralrat.sintiundroma.de\/en\/wp-json\/wp\/v2\/users\/9"}],"replies":[{"embeddable":true,"href":"https:\/\/zentralrat.sintiundroma.de\/en\/wp-json\/wp\/v2\/comments?post=849"}],"version-history":[{"count":2,"href":"https:\/\/zentralrat.sintiundroma.de\/en\/wp-json\/wp\/v2\/pages\/849\/revisions"}],"predecessor-version":[{"id":855,"href":"https:\/\/zentralrat.sintiundroma.de\/en\/wp-json\/wp\/v2\/pages\/849\/revisions\/855"}],"up":[{"embeddable":true,"href":"https:\/\/zentralrat.sintiundroma.de\/en\/wp-json\/wp\/v2\/pages\/512"}],"wp:attachment":[{"href":"https:\/\/zentralrat.sintiundroma.de\/en\/wp-json\/wp\/v2\/media?parent=849"}],"curies":[{"name":"wp","href":"https:\/\/api.w.org\/{rel}","templated":true}]}}